{"id":345,"date":"2024-02-02T13:39:06","date_gmt":"2024-02-02T13:39:06","guid":{"rendered":"https:\/\/hochzeit.boriszima.at\/?page_id=345"},"modified":"2024-02-16T18:42:20","modified_gmt":"2024-02-16T18:42:20","slug":"unsere-gechichte","status":"publish","type":"page","link":"https:\/\/hochzeitdesjahres.at\/home\/sk\/unsere-gechichte\/","title":{"rendered":"N\u00e1\u0161 Pr\u00edbeh"},"content":{"rendered":"<div class=\"wpb-content-wrapper\"><div data-vc-full-width=\"true\" data-vc-full-width-init=\"false\" data-vc-stretch-content=\"true\" class=\"w-section vc_row wpb_row vc_row-fluid vc_custom_1706882430033\"><div class=\"container box-type\"><div class=\"wpb_animate_when_almost_visible wpb_bottom-to-top bottom-to-top wpb_column vc_column_container vc_col-sm-12\"><div class=\"vc_column-inner\"><div class=\"wpb_wrapper\"><div class=\"wpb_single_image vc_align_center\" >\r\n\t\t\r\n\t\t<figure class=\"wpb_wrapper vc_figure\">\r\n\t\t\t<div class=\"vc_single_image-wrapper   vc_box_border_grey\"><img loading=\"lazy\" decoding=\"async\" width=\"1800\" height=\"1200\" src=\"https:\/\/hochzeitdesjahres.at\/wp-content\/uploads\/2024\/02\/pribeh-min.png\" class=\"vc_single_image-img attachment-full\" alt=\"\" title=\"geschichte-min\" srcset=\"https:\/\/hochzeitdesjahres.at\/wp-content\/uploads\/2024\/02\/pribeh-min.png 1800w, https:\/\/hochzeitdesjahres.at\/wp-content\/uploads\/2024\/02\/pribeh-min-300x200.png 300w, https:\/\/hochzeitdesjahres.at\/wp-content\/uploads\/2024\/02\/pribeh-min-1024x683.png 1024w, https:\/\/hochzeitdesjahres.at\/wp-content\/uploads\/2024\/02\/pribeh-min-768x512.png 768w, https:\/\/hochzeitdesjahres.at\/wp-content\/uploads\/2024\/02\/pribeh-min-1536x1024.png 1536w, https:\/\/hochzeitdesjahres.at\/wp-content\/uploads\/2024\/02\/pribeh-min-18x12.png 18w\" sizes=\"auto, (max-width: 1800px) 100vw, 1800px\" \/><\/div>\r\n\t\t<\/figure>\r\n\t<\/div><\/div><\/div><\/div><\/div><\/div><div class=\"vc_row-full-width vc_clearfix\"><\/div><div class=\"w-section vc_row wpb_row vc_row-fluid\"><div class=\"wpb_column vc_column_container vc_col-sm-12\"><div class=\"vc_column-inner\"><div class=\"wpb_wrapper\">\n<div class=\"vc-zigzag-wrapper vc-zigzag-align-center\"><div class=\"vc-zigzag-inner\" style=\"width: 70%;min-height: 14px;background: 0 repeat-x url(&#039;data:image\/svg+xml;utf-8,%3C%3Fxml%20version%3D%221.0%22%20encoding%3D%22utf-8%22%3F%3E%3C%21DOCTYPE%20svg%20PUBLIC%20%22-%2F%2FW3C%2F%2FDTD%20SVG%201.1%2F%2FEN%22%20%22http%3A%2F%2Fwww.w3.org%2FGraphics%2FSVG%2F1.1%2FDTD%2Fsvg11.dtd%22%3E%3Csvg%20width%3D%2214px%22%20height%3D%2212px%22%20viewBox%3D%220%200%2018%2015%22%20version%3D%221.1%22%20xmlns%3D%22http%3A%2F%2Fwww.w3.org%2F2000%2Fsvg%22%20xmlns%3Axlink%3D%22http%3A%2F%2Fwww.w3.org%2F1999%2Fxlink%22%3E%3Cpolygon%20id%3D%22Combined-Shape%22%20fill%3D%22%23c2ad65%22%20points%3D%228.98762301%200%200%209.12771969%200%2014.519983%209%205.40479869%2018%2014.519983%2018%209.12771969%22%3E%3C%2Fpolygon%3E%3C%2Fsvg%3E&#039;);\"><\/div><\/div><div class=\"smile-icon-timeline-wrap csstime\"   data-time_block_bg_color=\"#ffffff\" data-time_sep_color=\"#c2ad65\" style=\"\"><div class=\"timeline-line\" style=\"border-right-color:#c2ad65;\"><span><\/span><\/div><div class=\"timeline-wrapper\"><div class=\"timeline-block\"><div class=\"timeline-dot\"><\/div><div class=\"ult-timeline-arrow\"><s><\/s><l><\/l><\/div><div class=\"timeline-icon-block\"><div class=\"ult-timeline-icon tl-icon-no-bg\" style=\"   \"><\/div> <!-- icon --><\/div><div class=\"timeline-header-block\" >\r\n\t\t\t\t\t\t\t<div id=\"timeline-item-8647\" class=\"timeline-header\" style=\"\"><h3 class=\"ult-timeline-title ult-responsive\"  data-ultimate-target='#timeline-item-8647 .ult-timeline-title'  data-responsive-json-new='{\"font-size\":\"desktop:40px;\",\"line-height\":\"\"}'  style=\"font-weight:bold;color:#c2ad65;\">14.10.2021<\/h3><div class=\"ult-responsive timeline-item-spt\"  data-ultimate-target='#timeline-item-8647 .timeline-item-spt'  data-responsive-json-new='{\"font-size\":\"desktop:20px;\",\"line-height\":\"\"}'  style=\"font-style:italic;font-weight:normal;\"><em>V prv\u00fdkr\u00e1t sme sa stretli v de\u0148, ke\u010f mal Boris meniny. Tak sme sa rozhodli stretn\u00fa\u0165 sa na hlavnej ulici v Meidlingu a \u0161tyri hodiny sme sa rozpr\u00e1vali o \u017eivote a pr\u00e1ci. Toto na\u0161e stretnutie bolo k\u013e\u00fa\u010dov\u00e9, preto\u017ee n\u00e1s nakoniec priviedlo k tomu, \u017ee sme sa stali partnermi.<\/em><\/div><\/div> <!-- header --><\/div><\/div><div class=\"timeline-block\"><div class=\"timeline-dot\"><\/div><div class=\"ult-timeline-arrow\"><s><\/s><l><\/l><\/div><div class=\"timeline-icon-block\"><div class=\"ult-timeline-icon tl-icon-no-bg\" style=\"   \"><\/div> <!-- icon --><\/div><div class=\"timeline-header-block\" >\r\n\t\t\t\t\t\t\t<div id=\"timeline-item-7109\" class=\"timeline-header\" style=\"\"><h3 class=\"ult-timeline-title ult-responsive\"  data-ultimate-target='#timeline-item-7109 .ult-timeline-title'  data-responsive-json-new='{\"font-size\":\"desktop:40px;\",\"line-height\":\"\"}'  style=\"font-weight:bold;color:#c2ad65;\">23.10.2021<\/h3><div class=\"ult-responsive timeline-item-spt\"  data-ultimate-target='#timeline-item-7109 .timeline-item-spt'  data-responsive-json-new='{\"font-size\":\"desktop:20px;\",\"line-height\":\"\"}'  style=\"font-style:italic;font-weight:normal;\"><em>V tomto okamihu sme sa ofici\u00e1lne stali p\u00e1rom. Pozval som Ren\u00e9ho k sebe a vtedy som si uvedomil, \u017ee je ten prav\u00fd.<\/em><\/div><\/div> <!-- header --><\/div><\/div><div class=\"timeline-block\"><div class=\"timeline-dot\"><\/div><div class=\"ult-timeline-arrow\"><s><\/s><l><\/l><\/div><div class=\"timeline-icon-block\"><div class=\"ult-timeline-icon tl-icon-no-bg\" style=\"   \"><\/div> <!-- icon --><\/div><div class=\"timeline-header-block\" >\r\n\t\t\t\t\t\t\t<div id=\"timeline-item-1621\" class=\"timeline-header\" style=\"\"><h3 class=\"ult-timeline-title ult-responsive\"  data-ultimate-target='#timeline-item-1621 .ult-timeline-title'  data-responsive-json-new='{\"font-size\":\"desktop:40px;\",\"line-height\":\"\"}'  style=\"font-weight:bold;color:#c2ad65;\">05.02.2022<\/h3><div class=\"ult-responsive timeline-item-spt\"  data-ultimate-target='#timeline-item-1621 .timeline-item-spt'  data-responsive-json-new='{\"font-size\":\"desktop:20px;\",\"line-height\":\"\"}'  style=\"font-style:italic;font-weight:normal;\"><em>U\u017e sme boli spolu nejak\u00fa dobu a ke\u010f sme si uvedomili, ako dobre n\u00e1m to spolu ide, rozhodli sme sa, \u017ee Ren\u00e9 sa ku mne pres\u0165ahuje. Tak\u017ee sa pres\u0165ahoval z Traiskirchenu do Viedne, aby sme mohli by\u0165 spolu.<\/em><\/div><\/div> <!-- header --><\/div><\/div><div class=\"timeline-block\"><div class=\"timeline-dot\"><\/div><div class=\"ult-timeline-arrow\"><s><\/s><l><\/l><\/div><div class=\"timeline-icon-block\"><div class=\"ult-timeline-icon tl-icon-no-bg\" style=\"   \"><\/div> <!-- icon --><\/div><div class=\"timeline-header-block\" >\r\n\t\t\t\t\t\t\t<div id=\"timeline-item-3244\" class=\"timeline-header\" style=\"\"><h3 class=\"ult-timeline-title ult-responsive\"  data-ultimate-target='#timeline-item-3244 .ult-timeline-title'  data-responsive-json-new='{\"font-size\":\"desktop:40px;\",\"line-height\":\"\"}'  style=\"font-weight:bold;color:#c2ad65;\">01.04.2022<\/h3><div class=\"ult-responsive timeline-item-spt\"  data-ultimate-target='#timeline-item-3244 .timeline-item-spt'  data-responsive-json-new='{\"font-size\":\"desktop:20px;\",\"line-height\":\"\"}'  style=\"font-style:italic;font-weight:normal;\"><em>Prem\u00fd\u0161\u013eal som, \u010di je naozaj pravda, \u017ee som stretol tak\u00e9ho skvel\u00e9ho a dokonal\u00e9ho mu\u017ea. Z toho d\u00f4vodu som dospel k z\u00e1veru, \u017ee by sme mali zosta\u0165 spolu, a v ten de\u0148 som mu urobil n\u00e1vrh na sob\u00e1\u0161.<\/em><\/div><\/div> <!-- header --><\/div><\/div><div class=\"timeline-block\"><div class=\"timeline-dot\"><\/div><div class=\"ult-timeline-arrow\"><s><\/s><l><\/l><\/div><div class=\"timeline-icon-block\"><div class=\"ult-timeline-icon tl-icon-no-bg\" style=\"   \"><\/div> <!-- icon --><\/div><div class=\"timeline-header-block\" >\r\n\t\t\t\t\t\t\t<div id=\"timeline-item-8505\" class=\"timeline-header\" style=\"\"><h3 class=\"ult-timeline-title ult-responsive\"  data-ultimate-target='#timeline-item-8505 .ult-timeline-title'  data-responsive-json-new='{\"font-size\":\"desktop:40px;\",\"line-height\":\"\"}'  style=\"font-weight:bold;color:#c2ad65;\">26.07.2022<\/h3><div class=\"ult-responsive timeline-item-spt\"  data-ultimate-target='#timeline-item-8505 .timeline-item-spt'  data-responsive-json-new='{\"font-size\":\"desktop:20px;\",\"line-height\":\"\"}'  style=\"font-style:italic;font-weight:normal;\"><em>Na\u0161a prv\u00e1 spolo\u010dn\u00e1 dovolenka.<\/em><\/p>\n<p><em>Boli sme v Turecku a Boris sa skoro utopil. U\u010dil sa pl\u00e1va\u0165. :-D<\/em><\/div><\/div> <!-- header --><\/div><\/div><div class=\"timeline-block\"><div class=\"timeline-dot\"><\/div><div class=\"ult-timeline-arrow\"><s><\/s><l><\/l><\/div><div class=\"timeline-icon-block\"><div class=\"ult-timeline-icon tl-icon-no-bg\" style=\"   \"><\/div> <!-- icon --><\/div><div class=\"timeline-header-block\" >\r\n\t\t\t\t\t\t\t<div id=\"timeline-item-4668\" class=\"timeline-header\" style=\"\"><h3 class=\"ult-timeline-title ult-responsive\"  data-ultimate-target='#timeline-item-4668 .ult-timeline-title'  data-responsive-json-new='{\"font-size\":\"desktop:40px;\",\"line-height\":\"\"}'  style=\"font-weight:bold;color:#c2ad65;\">10.10.2022<\/h3><div class=\"ult-responsive timeline-item-spt\"  data-ultimate-target='#timeline-item-4668 .timeline-item-spt'  data-responsive-json-new='{\"font-size\":\"desktop:20px;\",\"line-height\":\"\"}'  style=\"font-style:italic;font-weight:normal;\"><em>Ren\u00e9 bol tak\u00fd ne\u0161ikovn\u00fd ke\u010f sa sprchoval, \u017ee si zlomil mal\u00ed\u010dek na nohe.<\/em><\/div><\/div> <!-- header --><\/div><\/div><div class=\"timeline-block\"><div class=\"timeline-dot\"><\/div><div class=\"ult-timeline-arrow\"><s><\/s><l><\/l><\/div><div class=\"timeline-icon-block\"><div class=\"ult-timeline-icon tl-icon-no-bg\" style=\"   \"><\/div> <!-- icon --><\/div><div class=\"timeline-header-block\" >\r\n\t\t\t\t\t\t\t<div id=\"timeline-item-2418\" class=\"timeline-header\" style=\"\"><h3 class=\"ult-timeline-title ult-responsive\"  data-ultimate-target='#timeline-item-2418 .ult-timeline-title'  data-responsive-json-new='{\"font-size\":\"desktop:40px;\",\"line-height\":\"\"}'  style=\"font-weight:bold;color:#c2ad65;\">14.07.2023<\/h3><div class=\"ult-responsive timeline-item-spt\"  data-ultimate-target='#timeline-item-2418 .timeline-item-spt'  data-responsive-json-new='{\"font-size\":\"desktop:20px;\",\"line-height\":\"\"}'  style=\"font-style:italic;font-weight:normal;\"><em>Dovolenka na Malorke. St\u00e1le n\u00e1m pon\u00fakali marihuanu a ryby n\u00e1s chceli v mori zjest :-D<\/em><\/div><\/div> <!-- header --><\/div><\/div><div class=\"timeline-block\"><div class=\"timeline-dot\"><\/div><div class=\"ult-timeline-arrow\"><s><\/s><l><\/l><\/div><div class=\"timeline-icon-block\"><div class=\"ult-timeline-icon tl-icon-no-bg\" style=\"   \"><\/div> <!-- icon --><\/div><div class=\"timeline-header-block\" >\r\n\t\t\t\t\t\t\t<div id=\"timeline-item-2911\" class=\"timeline-header\" style=\"\"><h3 class=\"ult-timeline-title ult-responsive\"  data-ultimate-target='#timeline-item-2911 .ult-timeline-title'  data-responsive-json-new='{\"font-size\":\"desktop:40px;\",\"line-height\":\"\"}'  style=\"font-weight:bold;color:#c2ad65;\">01.12.2023<\/h3><div class=\"ult-responsive timeline-item-spt\"  data-ultimate-target='#timeline-item-2911 .timeline-item-spt'  data-responsive-json-new='{\"font-size\":\"desktop:20px;\",\"line-height\":\"\"}'  style=\"font-style:italic;font-weight:normal;\"><em>V\u017edy sme t\u00fa\u017eili po tom, aby sme sa niekedy pres\u0165ahovali z mesta na vidiek. A t\u00e1to t\u00fa\u017eba sa naplnila. Skuto\u010dne sme sa pres\u0165ahovali z Viedne do Burgenlandu. Purbach pri Neziderskom jazere je miesto, kde sa c\u00edtime jednoducho skvele.<\/em><\/div><\/div> <!-- header --><\/div><\/div><\/div><div class=\"timeline-feature-item feat-item\"><div class=\"feat-dot\"><div class=\"timeline-dot\"><\/div><\/div><div class=\"ult-timeline-arrow\"><s><\/s><l><\/l><\/div><div class=\"timeline-icon-block\"><div class=\"ult-timeline-icon tl-icon-no-bg\" style=\"   \"><\/div> <!-- icon --><\/div><div class=\"timeline-header-block\" >\r\n\t\t\t\t\t\t\t<div class=\"timeline-header\" id=\"timeline-featured-7083\"  style=\"\"><h3\r\n\t\t\t class=\"ult-timeline-title ult-responsive\"   data-ultimate-target='#timeline-featured-7083 .ult-timeline-title'  data-responsive-json-new='{\"font-size\":\"desktop:40px;\",\"line-height\":\"\"}'  style=\"font-weight:bold;color:#c2ad65;\">20.07.2024<\/h3><div class=\"ult-responsive custom-lht\"  data-ultimate-target='#timeline-featured-7083 .custom-lht'  data-responsive-json-new='{\"font-size\":\"desktop:20px;\",\"line-height\":\"\"}'  style=\"font-weight:normal;\"><em>Tu sa sny st\u00e1vaj\u00fa skuto\u010dnos\u0165ou - tu sa kone\u010dne budeme bra\u0165.<\/em><\/div><\/div> <!-- header --><\/div><\/div><div class=\"timeline-wrapper\"><\/div><\/div>\n<div class=\"vc-zigzag-wrapper vc-zigzag-align-center\"><div class=\"vc-zigzag-inner\" style=\"width: 70%;min-height: 14px;background: 0 repeat-x url(&#039;data:image\/svg+xml;utf-8,%3C%3Fxml%20version%3D%221.0%22%20encoding%3D%22utf-8%22%3F%3E%3C%21DOCTYPE%20svg%20PUBLIC%20%22-%2F%2FW3C%2F%2FDTD%20SVG%201.1%2F%2FEN%22%20%22http%3A%2F%2Fwww.w3.org%2FGraphics%2FSVG%2F1.1%2FDTD%2Fsvg11.dtd%22%3E%3Csvg%20width%3D%2214px%22%20height%3D%2212px%22%20viewBox%3D%220%200%2018%2015%22%20version%3D%221.1%22%20xmlns%3D%22http%3A%2F%2Fwww.w3.org%2F2000%2Fsvg%22%20xmlns%3Axlink%3D%22http%3A%2F%2Fwww.w3.org%2F1999%2Fxlink%22%3E%3Cpolygon%20id%3D%22Combined-Shape%22%20fill%3D%22%23c2ad65%22%20points%3D%228.98762301%200%200%209.12771969%200%2014.519983%209%205.40479869%2018%2014.519983%2018%209.12771969%22%3E%3C%2Fpolygon%3E%3C%2Fsvg%3E&#039;);\"><\/div><\/div><\/div><\/div><\/div><\/div><div class=\"w-section vc_row wpb_row vc_row-fluid\"><div class=\"wpb_column vc_column_container vc_col-sm-12\"><div class=\"vc_column-inner\"><div class=\"wpb_wrapper\"><div class=\"wpb_single_image vc_align_center\" >\r\n\t\t\r\n\t\t<figure class=\"wpb_wrapper vc_figure\">\r\n\t\t\t<div class=\"vc_single_image-wrapper   vc_box_border_grey\"><img loading=\"lazy\" decoding=\"async\" width=\"300\" height=\"125\" src=\"https:\/\/hochzeitdesjahres.at\/wp-content\/uploads\/2024\/02\/ende-min-1-300x125.png\" class=\"vc_single_image-img attachment-medium\" alt=\"\" title=\"ende-min\" srcset=\"https:\/\/hochzeitdesjahres.at\/wp-content\/uploads\/2024\/02\/ende-min-1-300x125.png 300w, https:\/\/hochzeitdesjahres.at\/wp-content\/uploads\/2024\/02\/ende-min-1-18x8.png 18w, https:\/\/hochzeitdesjahres.at\/wp-content\/uploads\/2024\/02\/ende-min-1-594x250.png 594w, https:\/\/hochzeitdesjahres.at\/wp-content\/uploads\/2024\/02\/ende-min-1.png 600w\" sizes=\"auto, (max-width: 300px) 100vw, 300px\" \/><\/div>\r\n\t\t<\/figure>\r\n\t<\/div><\/div><\/div><\/div><\/div>\n<\/div>","protected":false},"excerpt":{"rendered":"14.10.2021Wir haben uns erstmals an dem Tag getroffen, an dem Boris Namenstag hatte. Also trafen wir uns an der Meidlinger Hauptstra\u00dfe und unterhielten uns vier Stunden lang \u00fcber das Leben und die Arbeit. Diese Begegnung war ausschlaggebend daf\u00fcr, dass wir sp\u00e4ter zusammengekommen sind. 23.10.2021Zu diesem Zeitpunkt wurden wir offiziell ein Paar. Ich habe Rene zu [...]","protected":false},"author":1,"featured_media":0,"parent":0,"menu_order":0,"comment_status":"closed","ping_status":"closed","template":"","meta":{"footnotes":""},"class_list":["post-345","page","type-page","status-publish","hentry"],"_links":{"self":[{"href":"https:\/\/hochzeitdesjahres.at\/home\/sk\/wp-json\/wp\/v2\/pages\/345","targetHints":{"allow":["GET"]}}],"collection":[{"href":"https:\/\/hochzeitdesjahres.at\/home\/sk\/wp-json\/wp\/v2\/pages"}],"about":[{"href":"https:\/\/hochzeitdesjahres.at\/home\/sk\/wp-json\/wp\/v2\/types\/page"}],"author":[{"embeddable":true,"href":"https:\/\/hochzeitdesjahres.at\/home\/sk\/wp-json\/wp\/v2\/users\/1"}],"replies":[{"embeddable":true,"href":"https:\/\/hochzeitdesjahres.at\/home\/sk\/wp-json\/wp\/v2\/comments?post=345"}],"version-history":[{"count":29,"href":"https:\/\/hochzeitdesjahres.at\/home\/sk\/wp-json\/wp\/v2\/pages\/345\/revisions"}],"predecessor-version":[{"id":729,"href":"https:\/\/hochzeitdesjahres.at\/home\/sk\/wp-json\/wp\/v2\/pages\/345\/revisions\/729"}],"wp:attachment":[{"href":"https:\/\/hochzeitdesjahres.at\/home\/sk\/wp-json\/wp\/v2\/media?parent=345"}],"curies":[{"name":"wp","href":"https:\/\/api.w.org\/{rel}","templated":true}]}}