{"id":454,"date":"2024-02-06T20:12:13","date_gmt":"2024-02-06T20:12:13","guid":{"rendered":"https:\/\/hochzeitdesjahres.at\/?page_id=454"},"modified":"2024-06-03T05:34:00","modified_gmt":"2024-06-03T05:34:00","slug":"einladung","status":"publish","type":"page","link":"https:\/\/hochzeitdesjahres.at\/home\/sk\/einladung\/","title":{"rendered":"Videopozv\u00e1nka"},"content":{"rendered":"<div class=\"wpb-content-wrapper\"><div data-vc-full-width=\"true\" data-vc-full-width-init=\"false\" data-vc-stretch-content=\"true\" class=\"w-section vc_row wpb_row vc_row-fluid vc_custom_1707679303841\"><div class=\"container box-type\"><div class=\"wpb_animate_when_almost_visible wpb_bottom-to-top bottom-to-top wpb_column vc_column_container vc_col-sm-12\"><div class=\"vc_column-inner\"><div class=\"wpb_wrapper\"><div class=\"wpb_single_image vc_align_center\" >\r\n\t\t\r\n\t\t<figure class=\"wpb_wrapper vc_figure\">\r\n\t\t\t<div class=\"vc_single_image-wrapper   vc_box_border_grey\"><img loading=\"lazy\" decoding=\"async\" width=\"1800\" height=\"1200\" src=\"https:\/\/hochzeitdesjahres.at\/wp-content\/uploads\/2024\/02\/pozvanka-min.png\" class=\"vc_single_image-img attachment-full\" alt=\"\" title=\"einladung2-min\" srcset=\"https:\/\/hochzeitdesjahres.at\/wp-content\/uploads\/2024\/02\/pozvanka-min.png 1800w, https:\/\/hochzeitdesjahres.at\/wp-content\/uploads\/2024\/02\/pozvanka-min-300x200.png 300w, https:\/\/hochzeitdesjahres.at\/wp-content\/uploads\/2024\/02\/pozvanka-min-1024x683.png 1024w, https:\/\/hochzeitdesjahres.at\/wp-content\/uploads\/2024\/02\/pozvanka-min-768x512.png 768w, https:\/\/hochzeitdesjahres.at\/wp-content\/uploads\/2024\/02\/pozvanka-min-1536x1024.png 1536w, https:\/\/hochzeitdesjahres.at\/wp-content\/uploads\/2024\/02\/pozvanka-min-18x12.png 18w\" sizes=\"auto, (max-width: 1800px) 100vw, 1800px\" \/><\/div>\r\n\t\t<\/figure>\r\n\t<\/div><\/div><\/div><\/div><\/div><\/div><div class=\"vc_row-full-width vc_clearfix\"><\/div><div data-vc-full-width=\"true\" data-vc-full-width-init=\"false\" data-vc-stretch-content=\"true\" class=\"w-section vc_row wpb_row vc_row-fluid\"><div class=\"container box-type\"><div class=\"wpb_column vc_column_container vc_col-sm-12\"><div class=\"vc_column-inner\"><div class=\"wpb_wrapper\">\n<div class=\"vc-zigzag-wrapper vc-zigzag-align-center\"><div class=\"vc-zigzag-inner\" style=\"width: 70%;min-height: 14px;background: 0 repeat-x url(&#039;data:image\/svg+xml;utf-8,%3C%3Fxml%20version%3D%221.0%22%20encoding%3D%22utf-8%22%3F%3E%3C%21DOCTYPE%20svg%20PUBLIC%20%22-%2F%2FW3C%2F%2FDTD%20SVG%201.1%2F%2FEN%22%20%22http%3A%2F%2Fwww.w3.org%2FGraphics%2FSVG%2F1.1%2FDTD%2Fsvg11.dtd%22%3E%3Csvg%20width%3D%2214px%22%20height%3D%2212px%22%20viewBox%3D%220%200%2018%2015%22%20version%3D%221.1%22%20xmlns%3D%22http%3A%2F%2Fwww.w3.org%2F2000%2Fsvg%22%20xmlns%3Axlink%3D%22http%3A%2F%2Fwww.w3.org%2F1999%2Fxlink%22%3E%3Cpolygon%20id%3D%22Combined-Shape%22%20fill%3D%22%23c2ad65%22%20points%3D%228.98762301%200%200%209.12771969%200%2014.519983%209%205.40479869%2018%2014.519983%2018%209.12771969%22%3E%3C%2Fpolygon%3E%3C%2Fsvg%3E&#039;);\"><\/div><\/div><div class=\"vc_empty_space\"   style=\"height: 50px\"><span class=\"vc_empty_space_inner\"><\/span><\/div><\/div><\/div><\/div><\/div><\/div><div class=\"vc_row-full-width vc_clearfix\"><\/div><div data-vc-full-width=\"true\" data-vc-full-width-init=\"false\" data-vc-stretch-content=\"true\" class=\"w-section vc_row wpb_row vc_row-fluid\"><div class=\"container box-type\"><div class=\"wpb_column vc_column_container vc_col-sm-12\"><div class=\"vc_column-inner\"><div class=\"wpb_wrapper\"><div class=\"wpb_text_column wpb_content_element\">\r\n\t\t<div class=\"wpb_wrapper\">\r\n\t\t\t<h1 style=\"text-align: center;\"><span style=\"color: #c2ad65;\">Drah\u00ed priatelia a rodina,<\/span><\/h1>\n\r\n\t\t<\/div>\r\n\t<\/div>\r\n<div class=\"wpb_text_column wpb_content_element\">\r\n\t\t<div class=\"wpb_wrapper\">\r\n\t\t\t<p style=\"text-align: center;\" align=\"center\"><em><span style=\"font-size: 16.0pt;\">Tu je ofici\u00e1lne ozn\u00e1menie o najv\u00e4\u010d\u0161ej udalosti od vyn\u00e1lezu man\u017eelstva! <\/span><\/em><\/p>\n<p style=\"text-align: center;\" align=\"center\"><em><span style=\"font-size: 16.0pt;\">Srde\u010dne V\u00e1s poz\u00fdvame na na\u0161u svadbu, kde predvedieme n\u00e1\u0161 \u0161ialen\u00fd cirkus l\u00e1sky.<\/span><\/em><em><span style=\"font-size: 18.0pt;\">.<\/span><\/em><\/p>\n\r\n\t\t<\/div>\r\n\t<\/div>\r\n<div class=\"vc_empty_space\"   style=\"height: 50px\"><span class=\"vc_empty_space_inner\"><\/span><\/div><\/div><\/div><\/div><\/div><\/div><div class=\"vc_row-full-width vc_clearfix\"><\/div><div class=\"w-section vc_row wpb_row vc_row-fluid\"><div class=\"wpb_column vc_column_container vc_col-sm-4\"><div class=\"vc_column-inner\"><div class=\"wpb_wrapper\"><\/div><\/div><\/div><div class=\"wpb_column vc_column_container vc_col-sm-4\"><div class=\"vc_column-inner\"><div class=\"wpb_wrapper\"><\/div><\/div><\/div><div class=\"wpb_column vc_column_container vc_col-sm-4\"><div class=\"vc_column-inner\"><div class=\"wpb_wrapper\"><\/div><\/div><\/div><\/div><div data-vc-full-width=\"true\" data-vc-full-width-init=\"false\" data-vc-stretch-content=\"true\" class=\"w-section vc_row wpb_row vc_row-fluid vc_custom_1707686178730 vc_row-has-fill\"><div class=\"container box-type\"><div class=\"wpb_column vc_column_container vc_col-sm-4\"><div class=\"vc_column-inner\"><div class=\"wpb_wrapper\"><div class=\"vc_icon_element vc_icon_element-outer vc_icon_element-align-center vc_icon_element-have-style\"><div class=\"vc_icon_element-inner vc_icon_element-color-custom vc_icon_element-have-style-inner vc_icon_element-size-lg vc_icon_element-style-rounded vc_icon_element-background vc_icon_element-background-color-grey\" ><span class=\"vc_icon_element-icon far fa-calendar-alt\" style=\"color:#c2ad65 !important\"><\/span><\/div><\/div><div class=\"wpb_text_column wpb_content_element\">\r\n\t\t<div class=\"wpb_wrapper\">\r\n\t\t\t<p style=\"text-align: center;\"><em><strong>D\u00e1tum:<\/strong><\/em><\/p>\n<h4 style=\"text-align: center;\"><em>20.07.2024 o 16:00<\/em><\/h4>\n<p style=\"text-align: center;\"><em>Ten de\u0148, ke\u010f povieme \u201e\u00c1no\u201c a na\u0161i rodi\u010dia chopia po vreckovk\u00e1ch.<\/em><\/p>\n\r\n\t\t<\/div>\r\n\t<\/div>\r\n<\/div><\/div><\/div><div class=\"wpb_column vc_column_container vc_col-sm-4\"><div class=\"vc_column-inner\"><div class=\"wpb_wrapper\"><div class=\"vc_icon_element vc_icon_element-outer vc_icon_element-align-center vc_icon_element-have-style\"><div class=\"vc_icon_element-inner vc_icon_element-color-custom vc_icon_element-have-style-inner vc_icon_element-size-lg vc_icon_element-style-rounded vc_icon_element-background vc_icon_element-background-color-grey\" ><span class=\"vc_icon_element-icon fas fa-warehouse\" style=\"color:#c2ad65 !important\"><\/span><\/div><\/div><div class=\"wpb_text_column wpb_content_element\">\r\n\t\t<div class=\"wpb_wrapper\">\r\n\t\t\t<p style=\"text-align: center;\"><em><strong>Miesto:<\/strong><\/em><\/p>\n<h4 style=\"text-align: center;\"><em>St. Martins Therme<\/em><\/h4>\n<p style=\"text-align: center;\"><em>K\u00fazeln\u00e9 miesto, kde sa l\u00e1ska, smiech a z\u00e1bava dokonale sp\u00e1jaj\u00fa.<\/em><\/p>\n\r\n\t\t<\/div>\r\n\t<\/div>\r\n<\/div><\/div><\/div><div class=\"wpb_column vc_column_container vc_col-sm-4\"><div class=\"vc_column-inner\"><div class=\"wpb_wrapper\"><div class=\"vc_icon_element vc_icon_element-outer vc_icon_element-align-center vc_icon_element-have-style\"><div class=\"vc_icon_element-inner vc_icon_element-color-custom vc_icon_element-have-style-inner vc_icon_element-size-lg vc_icon_element-style-rounded vc_icon_element-background vc_icon_element-background-color-grey\" ><span class=\"vc_icon_element-icon fab fa-odnoklassniki\" style=\"color:#c2ad65 !important\"><\/span><\/div><\/div><div class=\"wpb_text_column wpb_content_element\">\r\n\t\t<div class=\"wpb_wrapper\">\r\n\t\t\t<p style=\"text-align: center;\"><em><strong>Dresscode:<\/strong><\/em><\/p>\n<h4 style=\"text-align: center;\"><em>\u0160t\u00fdlovo, odv\u00e1\u017ene a \u017eiarivo!<\/em><\/h4>\n<p style=\"text-align: center;\"><em>\u017diadne sand\u00e1le ani oble\u010denie v d\u00fahov\u00fdch farb\u00e1ch. <\/em><em>Sl\u00e1vnostn\u00e9 ve\u010dern\u00e9 oble\u010denie sa dokonale hod\u00ed k na\u0161ej svadobnej hostine!<\/em><\/p>\n\r\n\t\t<\/div>\r\n\t<\/div>\r\n<\/div><\/div><\/div><\/div><\/div><div class=\"vc_row-full-width vc_clearfix\"><\/div><div data-vc-full-width=\"true\" data-vc-full-width-init=\"false\" data-vc-stretch-content=\"true\" class=\"w-section vc_row wpb_row vc_row-fluid\"><div class=\"container box-type\"><div class=\"wpb_column vc_column_container vc_col-sm-12\"><div class=\"vc_column-inner\"><div class=\"wpb_wrapper\"><div class=\"vc_empty_space\"   style=\"height: 50px\"><span class=\"vc_empty_space_inner\"><\/span><\/div><div class=\"wpb_text_column wpb_content_element\">\r\n\t\t<div class=\"wpb_wrapper\">\r\n\t\t\t<p style=\"text-align: center;\"><em>Pros\u00edm, potvr\u010fte Va\u0161u \u00fa\u010das\u0165, aby sme mohli objedna\u0165 dos\u0165 kol\u00e1\u010dov pre v\u0161etk\u00fdch.<\/em><\/p>\n\r\n\t\t<\/div>\r\n\t<\/div>\r\n<div class=\"wpb_text_column wpb_content_element\">\r\n\t\t<div class=\"wpb_wrapper\">\r\n\t\t\t<p style=\"text-align: center;\"><em>Nezabudnite si prinies\u0165 tane\u010dn\u00e9 top\u00e1nky - bude to divok\u00e9!<\/em><\/p>\n\r\n\t\t<\/div>\r\n\t<\/div>\r\n<div class=\"wpb_text_column wpb_content_element\">\r\n\t\t<div class=\"wpb_wrapper\">\r\n\t\t\t<h4 style=\"text-align: center;\"><strong><em>s l\u00e1skou,<\/em><\/strong><\/h4>\n\r\n\t\t<\/div>\r\n\t<\/div>\r\n<div class=\"vc_row wpb_row vc_inner vc_row-fluid\"><div class=\"wpb_column vc_column_container vc_col-sm-2\"><div class=\"vc_column-inner\"><div class=\"wpb_wrapper\"><\/div><\/div><\/div><div class=\"wpb_column vc_column_container vc_col-sm-2\"><div class=\"vc_column-inner\"><div class=\"wpb_wrapper\"><\/div><\/div><\/div><div class=\"wpb_column vc_column_container vc_col-sm-2\"><div class=\"vc_column-inner\"><div class=\"wpb_wrapper\"><div class=\"wpb_single_image vc_align_center\" >\r\n\t\t\r\n\t\t<figure class=\"wpb_wrapper vc_figure\">\r\n\t\t\t<div class=\"vc_single_image-wrapper vc_box_circle  vc_box_border_grey\"><img loading=\"lazy\" decoding=\"async\" width=\"150\" height=\"150\" src=\"https:\/\/hochzeitdesjahres.at\/wp-content\/uploads\/2024\/02\/boris-min-150x150.png\" class=\"vc_single_image-img attachment-thumbnail\" alt=\"\" title=\"boris-min\" srcset=\"https:\/\/hochzeitdesjahres.at\/wp-content\/uploads\/2024\/02\/boris-min-150x150.png 150w, https:\/\/hochzeitdesjahres.at\/wp-content\/uploads\/2024\/02\/boris-min-438x434.png 438w, https:\/\/hochzeitdesjahres.at\/wp-content\/uploads\/2024\/02\/boris-min-84x84.png 84w\" sizes=\"auto, (max-width: 150px) 100vw, 150px\" \/><\/div>\r\n\t\t<\/figure>\r\n\t<\/div><div class=\"wpb_text_column wpb_content_element\">\r\n\t\t<div class=\"wpb_wrapper\">\r\n\t\t\t<h5 style=\"text-align: center;\">Boris<\/h5>\n\r\n\t\t<\/div>\r\n\t<\/div>\r\n<\/div><\/div><\/div><div class=\"wpb_column vc_column_container vc_col-sm-2\"><div class=\"vc_column-inner\"><div class=\"wpb_wrapper\"><div class=\"wpb_single_image vc_align_center\" >\r\n\t\t\r\n\t\t<figure class=\"wpb_wrapper vc_figure\">\r\n\t\t\t<div class=\"vc_single_image-wrapper vc_box_circle  vc_box_border_grey\"><img loading=\"lazy\" decoding=\"async\" width=\"150\" height=\"150\" src=\"https:\/\/hochzeitdesjahres.at\/wp-content\/uploads\/2024\/02\/rene-min-150x150.png\" class=\"vc_single_image-img attachment-thumbnail\" alt=\"\" title=\"rene-min\" srcset=\"https:\/\/hochzeitdesjahres.at\/wp-content\/uploads\/2024\/02\/rene-min-150x150.png 150w, https:\/\/hochzeitdesjahres.at\/wp-content\/uploads\/2024\/02\/rene-min-438x434.png 438w, https:\/\/hochzeitdesjahres.at\/wp-content\/uploads\/2024\/02\/rene-min-84x84.png 84w\" sizes=\"auto, (max-width: 150px) 100vw, 150px\" \/><\/div>\r\n\t\t<\/figure>\r\n\t<\/div><div class=\"wpb_text_column wpb_content_element\">\r\n\t\t<div class=\"wpb_wrapper\">\r\n\t\t\t<h5 style=\"text-align: center;\">Rene<\/h5>\n\r\n\t\t<\/div>\r\n\t<\/div>\r\n<\/div><\/div><\/div><div class=\"wpb_column vc_column_container vc_col-sm-2\"><div class=\"vc_column-inner\"><div class=\"wpb_wrapper\"><\/div><\/div><\/div><div class=\"wpb_column vc_column_container vc_col-sm-2\"><div class=\"vc_column-inner\"><div class=\"wpb_wrapper\"><\/div><\/div><\/div><\/div><\/div><\/div><\/div><\/div><\/div><div class=\"vc_row-full-width vc_clearfix\"><\/div><div data-vc-full-width=\"true\" data-vc-full-width-init=\"false\" data-vc-stretch-content=\"true\" class=\"w-section vc_row wpb_row vc_row-fluid\"><div class=\"container box-type\"><div class=\"wpb_column vc_column_container vc_col-sm-12\"><div class=\"vc_column-inner\"><div class=\"wpb_wrapper\"><div class=\"vc_empty_space\"   style=\"height: 50px\"><span class=\"vc_empty_space_inner\"><\/span><\/div><div class=\"vc_btn3-container vc_btn3-center\" ><a style=\"background-color:#c2ad65; color:#ffffff;\" class=\"vc_general vc_btn3 vc_btn3-size-md vc_btn3-shape-round vc_btn3-style-custom\" href=\"https:\/\/hochzeitdesjahres.at\/home\/sk\/anmeldung\/\" title=\"\"><b>Registr\u00e1cia<\/b><\/a><\/div>\n<div class=\"vc-zigzag-wrapper vc-zigzag-align-center\"><div class=\"vc-zigzag-inner\" style=\"width: 70%;min-height: 14px;background: 0 repeat-x url(&#039;data:image\/svg+xml;utf-8,%3C%3Fxml%20version%3D%221.0%22%20encoding%3D%22utf-8%22%3F%3E%3C%21DOCTYPE%20svg%20PUBLIC%20%22-%2F%2FW3C%2F%2FDTD%20SVG%201.1%2F%2FEN%22%20%22http%3A%2F%2Fwww.w3.org%2FGraphics%2FSVG%2F1.1%2FDTD%2Fsvg11.dtd%22%3E%3Csvg%20width%3D%2214px%22%20height%3D%2212px%22%20viewBox%3D%220%200%2018%2015%22%20version%3D%221.1%22%20xmlns%3D%22http%3A%2F%2Fwww.w3.org%2F2000%2Fsvg%22%20xmlns%3Axlink%3D%22http%3A%2F%2Fwww.w3.org%2F1999%2Fxlink%22%3E%3Cpolygon%20id%3D%22Combined-Shape%22%20fill%3D%22%23c2ad65%22%20points%3D%228.98762301%200%200%209.12771969%200%2014.519983%209%205.40479869%2018%2014.519983%2018%209.12771969%22%3E%3C%2Fpolygon%3E%3C%2Fsvg%3E&#039;);\"><\/div><\/div><div class=\"wpb_single_image vc_align_center\" >\r\n\t\t\r\n\t\t<figure class=\"wpb_wrapper vc_figure\">\r\n\t\t\t<div class=\"vc_single_image-wrapper   vc_box_border_grey\"><img loading=\"lazy\" decoding=\"async\" width=\"300\" height=\"125\" src=\"https:\/\/hochzeitdesjahres.at\/wp-content\/uploads\/2024\/02\/ende-min-1-300x125.png\" class=\"vc_single_image-img attachment-medium\" alt=\"\" title=\"ende-min\" srcset=\"https:\/\/hochzeitdesjahres.at\/wp-content\/uploads\/2024\/02\/ende-min-1-300x125.png 300w, https:\/\/hochzeitdesjahres.at\/wp-content\/uploads\/2024\/02\/ende-min-1-18x8.png 18w, https:\/\/hochzeitdesjahres.at\/wp-content\/uploads\/2024\/02\/ende-min-1-594x250.png 594w, https:\/\/hochzeitdesjahres.at\/wp-content\/uploads\/2024\/02\/ende-min-1.png 600w\" sizes=\"auto, (max-width: 300px) 100vw, 300px\" \/><\/div>\r\n\t\t<\/figure>\r\n\t<\/div><\/div><\/div><\/div><\/div><\/div><div class=\"vc_row-full-width vc_clearfix\"><\/div>\n<\/div>","protected":false},"excerpt":{"rendered":"Liebe Freunde und Familie, hier kommt die offizielle Ank\u00fcndigung f\u00fcr das gr\u00f6\u00dfte Spektakel seit der Erfindung der Ehe! Wir laden euch herzlich zu unserer Hochzeit ein, wo wir unseren verr\u00fcckten Liebeszirkus pr\u00e4sentieren werden. Datum: 20.07.2024 um 16:00 Der Tag, an dem wir \u201eJa\u201c sagen und unsere Eltern ihre Taschent\u00fccher schnappen Ort: St. Martins Therme Ein [...]","protected":false},"author":1,"featured_media":0,"parent":0,"menu_order":0,"comment_status":"closed","ping_status":"closed","template":"","meta":{"footnotes":""},"class_list":["post-454","page","type-page","status-publish","hentry"],"_links":{"self":[{"href":"https:\/\/hochzeitdesjahres.at\/home\/sk\/wp-json\/wp\/v2\/pages\/454","targetHints":{"allow":["GET"]}}],"collection":[{"href":"https:\/\/hochzeitdesjahres.at\/home\/sk\/wp-json\/wp\/v2\/pages"}],"about":[{"href":"https:\/\/hochzeitdesjahres.at\/home\/sk\/wp-json\/wp\/v2\/types\/page"}],"author":[{"embeddable":true,"href":"https:\/\/hochzeitdesjahres.at\/home\/sk\/wp-json\/wp\/v2\/users\/1"}],"replies":[{"embeddable":true,"href":"https:\/\/hochzeitdesjahres.at\/home\/sk\/wp-json\/wp\/v2\/comments?post=454"}],"version-history":[{"count":84,"href":"https:\/\/hochzeitdesjahres.at\/home\/sk\/wp-json\/wp\/v2\/pages\/454\/revisions"}],"predecessor-version":[{"id":821,"href":"https:\/\/hochzeitdesjahres.at\/home\/sk\/wp-json\/wp\/v2\/pages\/454\/revisions\/821"}],"wp:attachment":[{"href":"https:\/\/hochzeitdesjahres.at\/home\/sk\/wp-json\/wp\/v2\/media?parent=454"}],"curies":[{"name":"wp","href":"https:\/\/api.w.org\/{rel}","templated":true}]}}