{"id":31,"date":"2024-02-01T11:48:23","date_gmt":"2024-02-01T11:48:23","guid":{"rendered":"https:\/\/hochzeit.boriszima.at\/?page_id=31"},"modified":"2024-02-11T18:31:30","modified_gmt":"2024-02-11T18:31:30","slug":"anmeldung","status":"publish","type":"page","link":"https:\/\/hochzeitdesjahres.at\/home\/anmeldung\/","title":{"rendered":"Anmeldung"},"content":{"rendered":"<div class=\"wpb-content-wrapper\"><div data-vc-full-width=\"true\" data-vc-full-width-init=\"false\" data-vc-stretch-content=\"true\" class=\"w-section vc_row wpb_row vc_row-fluid vc_custom_1706878086349\"><div class=\"container box-type\"><div class=\"wpb_animate_when_almost_visible wpb_bottom-to-top bottom-to-top wpb_column vc_column_container vc_col-sm-12\"><div class=\"vc_column-inner \"><div class=\"wpb_wrapper\"><div class=\"wpb_single_image vc_align_center\" >\r\n\t\t\r\n\t\t<figure class=\"wpb_wrapper vc_figure\">\r\n\t\t\t<div class=\"vc_single_image-wrapper   vc_box_border_grey\"><img loading=\"lazy\" decoding=\"async\" width=\"1800\" height=\"1200\" src=\"https:\/\/hochzeitdesjahres.at\/wp-content\/uploads\/2024\/02\/anmeldung-min.png\" class=\"vc_single_image-img attachment-full\" alt=\"\" title=\"anmeldung-min\" srcset=\"https:\/\/hochzeitdesjahres.at\/wp-content\/uploads\/2024\/02\/anmeldung-min.png 1800w, https:\/\/hochzeitdesjahres.at\/wp-content\/uploads\/2024\/02\/anmeldung-min-300x200.png 300w, https:\/\/hochzeitdesjahres.at\/wp-content\/uploads\/2024\/02\/anmeldung-min-1024x683.png 1024w, https:\/\/hochzeitdesjahres.at\/wp-content\/uploads\/2024\/02\/anmeldung-min-768x512.png 768w, https:\/\/hochzeitdesjahres.at\/wp-content\/uploads\/2024\/02\/anmeldung-min-1536x1024.png 1536w\" sizes=\"auto, (max-width: 1800px) 100vw, 1800px\" \/><\/div>\r\n\t\t<\/figure>\r\n\t<\/div><\/div><\/div><\/div><\/div><\/div><div class=\"vc_row-full-width vc_clearfix\"><\/div><div class=\"w-section vc_row wpb_row vc_row-fluid\"><div class=\"wpb_column vc_column_container vc_col-sm-12\"><div class=\"vc_column-inner \"><div class=\"wpb_wrapper\">\n<div class=\"vc-zigzag-wrapper vc-zigzag-align-center\"><div class=\"vc-zigzag-inner\" style=\"width: 70%;min-height: 14px;background: 0 repeat-x url(&#039;data:image\/svg+xml;utf-8,%3C%3Fxml%20version%3D%221.0%22%20encoding%3D%22utf-8%22%3F%3E%3C%21DOCTYPE%20svg%20PUBLIC%20%22-%2F%2FW3C%2F%2FDTD%20SVG%201.1%2F%2FEN%22%20%22http%3A%2F%2Fwww.w3.org%2FGraphics%2FSVG%2F1.1%2FDTD%2Fsvg11.dtd%22%3E%3Csvg%20width%3D%2214px%22%20height%3D%2212px%22%20viewBox%3D%220%200%2018%2015%22%20version%3D%221.1%22%20xmlns%3D%22http%3A%2F%2Fwww.w3.org%2F2000%2Fsvg%22%20xmlns%3Axlink%3D%22http%3A%2F%2Fwww.w3.org%2F1999%2Fxlink%22%3E%3Cpolygon%20id%3D%22Combined-Shape%22%20fill%3D%22%23c2ad65%22%20points%3D%228.98762301%200%200%209.12771969%200%2014.519983%209%205.40479869%2018%2014.519983%2018%209.12771969%22%3E%3C%2Fpolygon%3E%3C%2Fsvg%3E&#039;);\"><\/div><\/div>\n\t<div class=\"wpb_raw_code wpb_content_element wpb_raw_html\" >\n\t\t<div class=\"wpb_wrapper\">\n\t\t\t\t\t\t<link rel=\"stylesheet\" property=\"stylesheet\" href=\"https:\/\/hochzeitdesjahres.at\/wp-content\/plugins\/happyforms\/bundles\/css\/frontend.css\" \/>\n\t\t\t\t<!-- HappyForms CSS variables -->\n\t<style>\n\t#happyforms-377 {\n\t\t--happyforms-part-title-font-size: 16px;\n--happyforms-part-description-font-size: 12px;\n--happyforms-part-value-font-size: 16px;\n--happyforms-submit-button-font-size: 16px;\n--happyforms-color-primary: #000000;\n--happyforms-color-success-notice: #ebf9f0;\n--happyforms-color-success-notice-text: #1eb452;\n--happyforms-color-error: #f23000;\n--happyforms-color-error-notice: #ffeeea;\n--happyforms-color-error-notice-text: #f23000;\n--happyforms-color-part-title: #000000;\n--happyforms-color-part-value: #000000;\n--happyforms-color-part-placeholder: #888888;\n--happyforms-color-part-description: #454545;\n--happyforms-color-part-border: #dbdbdb;\n--happyforms-color-part-border-focus: #c2ad65;\n--happyforms-color-part-background: #ffffff;\n--happyforms-color-part-background-focus: #ffffff;\n--happyforms-color-submit-background: #c2ad65;\n--happyforms-color-submit-background-hover: #000000;\n--happyforms-color-submit-border: transparent;\n--happyforms-color-submit-text: #ffffff;\n--happyforms-color-submit-text-hover: #ffffff;\n--happyforms-color-table-row-odd: #fcfcfc;\n--happyforms-color-table-row-even: #efefef;\n--happyforms-color-table-row-odd-text: #000000;\n--happyforms-color-table-row-even-text: #000000;\n--happyforms-color-dropdown-item-bg: #ffffff;\n--happyforms-color-dropdown-item-text: #000000;\n--happyforms-color-dropdown-item-bg-hover: #f4f4f5;\n--happyforms-color-dropdown-item-text-hover: #000000;\n--happyforms-color-divider-hr: #cccccc;\n--happyforms-color-choice-checkmark-bg: #ffffff;\n--happyforms-color-choice-checkmark-bg-focus: #000000;\n--happyforms-color-choice-checkmark-color: #ffffff;\n\t}\n\t<\/style>\n\t<!-- End of HappyForms CSS variables -->\n\t\t<!-- HappyForms Additional CSS -->\n\t<style data-happyforms-additional-css>\n\t\t<\/style>\n\t<!-- End of HappyForms Additional CSS -->\n\t\t\t<link rel=\"stylesheet\" type=\"text\/css\" href=\"https:\/\/hochzeitdesjahres.at\/wp-content\/plugins\/happyforms\/core\/assets\/css\/no-interaction.css\">\n\t\t<div class=\"happyforms-form happyforms-styles happyforms-form--part-border-radius-pill happyforms-form--submit-button-border-radius-pill happyforms-form--submit-button-bold happyforms-form--submit-button-align-center\" id=\"happyforms-377\">\n\t\t\n\t<form action=\"\" id=\"happyforms-form-377\" method=\"post\" novalidate=\"true\" autocomplete=\"off\">\n\t\t\t\t<input type=\"hidden\" name=\"happyforms_random_seed\" value=\"134683253\" \/>\n\t\t\n\t\t\t<input type=\"hidden\" name=\"action\" value=\"happyforms_message\">\n\t\t\t\t<input type=\"hidden\" name=\"client_referer\" value=\"\">\n\t\t\t\t<input type=\"hidden\" name=\"current_post_id\" value=\"\">\n\t\t\t\t<input type=\"hidden\" name=\"happyforms_form_id\" value=\"377\" \/>\n\t\t\t\t<input type=\"hidden\" name=\"happyforms_step\" value=\"0\" \/>\n\t\n\t\t<div class=\"happyforms-flex\">\n\t\t\t\t<label for=\"377-number\" class=\"screen-reader-text\">Lass dieses Feld leer<\/label>\n\t<input type=\"text\" id=\"377-number\" name=\"377-number\" style=\"display: none;\" tabindex=\"-1\" autocomplete=\"off\" aria-hidden=\"true\">\n\t\t\t\t\t\t\t\t\t\t<div class=\"happyforms-form__part happyforms-part happyforms-part--single_line_text happyforms-part--width-half happyforms-part--label-show\" id=\"happyforms-377_single_line_text_0-part\" data-happyforms-type=\"single_line_text\" data-happyforms-id=\"single_line_text_0\" data-happyforms-required=\"\">\n\t<div class=\"happyforms-part-wrap\">\n\t\t\n\t\t\t\t\t\t<div class=\"happyforms-part__label-container\">\n\t\t\t\t<label for=\"happyforms-377_single_line_text_0\" class=\"happyforms-part__label\">\n\t\t\t<span class=\"label\">Vorname<\/span>\n\t\t\t\t\t\t\t\t\t\t<span class=\"happyforms-required\"><\/span>\n\t\t\t\t\t\t\t\t\t\t<span class=\"happyforms-optional\">(optional)<\/span>\n\t\t\t\t\t<\/label>\n\t\t\t<\/div>\n\t\t\t\n\t\t\n\t\t<div class=\"happyforms-part__el\">\n\t\t\t\n\t\t\t\n\t\t\t<div class=\"happyforms-input\">\n\t\t\t\t\n\t\t\t\t<input id=\"happyforms-377_single_line_text_0\" type=\"text\" name=\"377_single_line_text_0\" value=\"\" placeholder=\"\" autocomplete=\"off\" spellcheck=\"false\"  autocorrect=\"off\" \/>\n\t\t\t\t\t\t\t<\/div>\n\n\t\t\t\n\t\t\t\n\t\t\t\t\t<\/div>\n\t<\/div>\n<\/div>\n<div class=\"happyforms-form__part happyforms-part happyforms-part--single_line_text happyforms-part--width-half happyforms-part--label-show\" id=\"happyforms-377_single_line_text_1-part\" data-happyforms-type=\"single_line_text\" data-happyforms-id=\"single_line_text_1\" data-happyforms-required=\"\">\n\t<div class=\"happyforms-part-wrap\">\n\t\t\n\t\t\t\t\t\t<div class=\"happyforms-part__label-container\">\n\t\t\t\t<label for=\"happyforms-377_single_line_text_1\" class=\"happyforms-part__label\">\n\t\t\t<span class=\"label\">Nachname<\/span>\n\t\t\t\t\t\t\t\t\t\t<span class=\"happyforms-required\"><\/span>\n\t\t\t\t\t\t\t\t\t\t<span class=\"happyforms-optional\">(optional)<\/span>\n\t\t\t\t\t<\/label>\n\t\t\t<\/div>\n\t\t\t\n\t\t\n\t\t<div class=\"happyforms-part__el\">\n\t\t\t\n\t\t\t\n\t\t\t<div class=\"happyforms-input\">\n\t\t\t\t\n\t\t\t\t<input id=\"happyforms-377_single_line_text_1\" type=\"text\" name=\"377_single_line_text_1\" value=\"\" placeholder=\"\" autocomplete=\"off\" spellcheck=\"false\"  autocorrect=\"off\" \/>\n\t\t\t\t\t\t\t<\/div>\n\n\t\t\t\n\t\t\t\n\t\t\t\t\t<\/div>\n\t<\/div>\n<\/div>\n<div class=\"happyforms-part--with-autocomplete happyforms-form__part happyforms-part happyforms-part--email happyforms-part--width-full happyforms-part--label-show\" id=\"happyforms-377_email_2-part\" data-happyforms-type=\"email\" data-happyforms-id=\"email_2\" data-happyforms-required=\"\">\n\t\t<div class=\"happyforms-part-wrap\">\n\t\t\t\t\t\t<div class=\"happyforms-part__label-container\">\n\t\t\t\t<label for=\"happyforms-377_email_2\" class=\"happyforms-part__label\">\n\t\t\t<span class=\"label\">E-Mail-Adresse<\/span>\n\t\t\t\t\t\t\t\t\t\t<span class=\"happyforms-required\"><\/span>\n\t\t\t\t\t\t\t\t\t\t<span class=\"happyforms-optional\">(optional)<\/span>\n\t\t\t\t\t<\/label>\n\t\t\t<\/div>\n\t\t\t\n\t\t\n\t\t<div class=\"happyforms-part__el\">\n\t\t\t\n\t\t\t\n\t\t\t<div class=\"happyforms-input\">\n\t\t\t\t<input type=\"email\" name=\"377_email_2\" id=\"happyforms-377_email_2\" value=\"\" placeholder=\"\" autocomplete=\"off\" spellcheck=\"false\"  autocorrect=\"off\" \/>\n\t\t\t\t\t\t\t<\/div>\n\n\t\t\t\n\t\t\t\n\t\t\t\t\t<\/div>\n\t<\/div>\n<\/div>\n<div class=\"happyforms-form__part happyforms-part happyforms-part--number happyforms-part--width-full happyforms-part--label-show\" id=\"happyforms-377_number_9-part\" data-happyforms-type=\"number\" data-happyforms-id=\"number_9\" data-happyforms-required=\"\">\n\t<div class=\"happyforms-part-wrap\">\n\t\t\n\t\t\t\t\t\t<div class=\"happyforms-part__label-container\">\n\t\t\t\t<label for=\"happyforms-377_number_9\" class=\"happyforms-part__label\">\n\t\t\t<span class=\"label\">Deine Handynummer<\/span>\n\t\t\t\t\t\t\t\t\t\t<span class=\"happyforms-required\"><\/span>\n\t\t\t\t\t\t\t\t\t\t<span class=\"happyforms-optional\">(optional)<\/span>\n\t\t\t\t\t<\/label>\n\t\t\t<\/div>\n\t\t\t\n\t\t\n\t\t<div class=\"happyforms-part__el\">\n\t\t\t\n\t\t\t\n\t\t\t<div class=\"happyforms-input\">\n\t\t\t\t\t\t\t\t<input id=\"happyforms-377_number_9\" type=\"number\" value=\"\" name=\"377_number_9\" placeholder=\"\" min=\"\" max=\"\" step=\"1\" autocomplete=\"off\" spellcheck=\"false\" \/>\n\t\t\t\t\t\t\t<\/div>\n\n\t\t\t\n\t\t\t\n\t\t\t\t\t<\/div>\n\t<\/div>\n<\/div>\n<div class=\"happyforms-part--choice display-type--block happyforms-form__part happyforms-part happyforms-part--checkbox happyforms-part--width-full happyforms-part--label-hidden\" id=\"happyforms-377_checkbox_4-part\" data-happyforms-type=\"checkbox\" data-happyforms-id=\"checkbox_4\" data-happyforms-required=\"\">\n\t<div class=\"happyforms-part-wrap\">\n\t\t\t<div class=\"happyforms-part__label-container\">\n\t\t\t<\/div>\n\t\n\t\t\n\t\t\n\t\t<div class=\"happyforms-part__el\">\n\t\t\t\n\t\t\t\t\t\t\t\t\t\t<div class=\"happyforms-part__option happyforms-part-option\" id=\"checkbox_4_0\">\n\t\t\t\t<label class=\"option-label\">\n\t\t\t\t\t<input type=\"checkbox\" class=\"happyforms-visuallyhidden happyforms-checkbox\" name=\"377_checkbox_4[]\" value=\"0\" data-serialize  autocomplete=\"off\" spellcheck=\"false\"  >\n\t\t\t\t\t<span class=\"checkmark\"><svg xmlns=\"http:\/\/www.w3.org\/2000\/svg\" width=\"12\" height=\"12\" viewBox=\"0 0 24 24\"><path fill=\"currentColor\" d=\"M20.285 2l-11.285 11.567-5.286-5.011-3.714 3.716 9 8.728 15-15.285z\"\/><\/svg><\/span>\n\t\t\t\t\t<span class=\"label-wrap\">\n\t\t\t\t\t\t<span class=\"label\">Ich bin damit einverstanden, dass diese Website die \u00fcbermittelten personenbezogenen Daten speichert und verarbeitet.<\/span>\t\t\t\t\t<\/span>\n\t\t\t\t<\/label>\n\t\t\t\t\t\t\t<\/div>\n\t\t\t\n\t\t\t\n\t\t\t\t\t<\/div>\n\t<\/div>\n<\/div>\n<div class=\"happyforms-form__part happyforms-part happyforms-part--single_line_text happyforms-part--width-full happyforms-part--label-show\" id=\"happyforms-377_single_line_text_10-part\" data-happyforms-type=\"single_line_text\" data-happyforms-id=\"single_line_text_10\" data-happyforms-required=\"\">\n\t<div class=\"happyforms-part-wrap\">\n\t\t\n\t\t\t\t\t\t<div class=\"happyforms-part__label-container\">\n\t\t\t\t<label for=\"happyforms-377_single_line_text_10\" class=\"happyforms-part__label\">\n\t\t\t<span class=\"label\">K\u00f6nnen wir mit dir rechnen?<\/span>\n\t\t\t\t\t\t\t\t\t\t<span class=\"happyforms-required\"><\/span>\n\t\t\t\t\t\t\t\t\t\t<span class=\"happyforms-optional\">(optional)<\/span>\n\t\t\t\t\t<\/label>\n\t\t\t<\/div>\n\t\t\t\n\t\t\n\t\t<div class=\"happyforms-part__el\">\n\t\t\t\n\t\t\t\n\t\t\t<div class=\"happyforms-input\">\n\t\t\t\t\n\t\t\t\t<input id=\"happyforms-377_single_line_text_10\" type=\"text\" name=\"377_single_line_text_10\" value=\"\" placeholder=\"\" autocomplete=\"off\" spellcheck=\"false\"  autocorrect=\"off\" \/>\n\t\t\t\t\t\t\t<\/div>\n\n\t\t\t\n\t\t\t\n\t\t\t\t\t<\/div>\n\t<\/div>\n<\/div>\n<div class=\"happyforms-form__part happyforms-part happyforms-part--single_line_text happyforms-part--width-full happyforms-part--label-show\" id=\"happyforms-377_single_line_text_8-part\" data-happyforms-type=\"single_line_text\" data-happyforms-id=\"single_line_text_8\" data-happyforms-required=\"\">\n\t<div class=\"happyforms-part-wrap\">\n\t\t\n\t\t\t\t\t\t<div class=\"happyforms-part__label-container\">\n\t\t\t\t<label for=\"happyforms-377_single_line_text_8\" class=\"happyforms-part__label\">\n\t\t\t<span class=\"label\">Was willst du essen?<\/span>\n\t\t\t\t\t\t\t\t\t\t<span class=\"happyforms-required\"><\/span>\n\t\t\t\t\t\t\t\t\t\t<span class=\"happyforms-optional\">(optional)<\/span>\n\t\t\t\t\t<\/label>\n\t\t\t<\/div>\n\t\t\t\n\t\t\n\t\t<div class=\"happyforms-part__el\">\n\t\t\t\n\t\t\t\n\t\t\t<div class=\"happyforms-input\">\n\t\t\t\t\n\t\t\t\t<input id=\"happyforms-377_single_line_text_8\" type=\"text\" name=\"377_single_line_text_8\" value=\"\" placeholder=\"\" autocomplete=\"off\" spellcheck=\"false\"  autocorrect=\"off\" \/>\n\t\t\t\t\t\t\t<\/div>\n\n\t\t\t\n\t\t\t\n\t\t\t\t\t<\/div>\n\t<\/div>\n<\/div>\n<div class=\"happyforms-form__part happyforms-part happyforms-part--single_line_text happyforms-part--width-full happyforms-part--label-show\" id=\"happyforms-377_single_line_text_11-part\" data-happyforms-type=\"single_line_text\" data-happyforms-id=\"single_line_text_11\" data-happyforms-required=\"\">\n\t<div class=\"happyforms-part-wrap\">\n\t\t\n\t\t\t\t\t\t<div class=\"happyforms-part__label-container\">\n\t\t\t\t<label for=\"happyforms-377_single_line_text_11\" class=\"happyforms-part__label\">\n\t\t\t<span class=\"label\">Dein Hochzeitsw\u00fcnsch<\/span>\n\t\t\t\t\t\t\t\t\t\t<span class=\"happyforms-required\"><\/span>\n\t\t\t\t\t\t\t\t\t\t<span class=\"happyforms-optional\">(optional)<\/span>\n\t\t\t\t\t<\/label>\n\t\t\t<\/div>\n\t\t\t\n\t\t\n\t\t<div class=\"happyforms-part__el\">\n\t\t\t\n\t\t\t\n\t\t\t<div class=\"happyforms-input\">\n\t\t\t\t\n\t\t\t\t<input id=\"happyforms-377_single_line_text_11\" type=\"text\" name=\"377_single_line_text_11\" value=\"\" placeholder=\"\" autocomplete=\"off\" spellcheck=\"false\"  autocorrect=\"off\" \/>\n\t\t\t\t\t\t\t<\/div>\n\n\t\t\t\n\t\t\t\n\t\t\t\t\t<\/div>\n\t<\/div>\n<\/div>\n<div class=\"happyforms-form__part happyforms-part happyforms-part--single_line_text happyforms-part--width-full happyforms-part--label-show\" id=\"happyforms-377_single_line_text_12-part\" data-happyforms-type=\"single_line_text\" data-happyforms-id=\"single_line_text_12\" data-happyforms-required=\"\">\n\t<div class=\"happyforms-part-wrap\">\n\t\t\n\t\t\t\t\t\t<div class=\"happyforms-part__label-container\">\n\t\t\t\t<label for=\"happyforms-377_single_line_text_12\" class=\"happyforms-part__label\">\n\t\t\t<span class=\"label\">Deine 3 Lieblingslieder<\/span>\n\t\t\t\t\t\t\t\t\t\t<span class=\"happyforms-required\"><\/span>\n\t\t\t\t\t\t\t\t\t\t<span class=\"happyforms-optional\">(optional)<\/span>\n\t\t\t\t\t<\/label>\n\t\t\t<\/div>\n\t\t\t\n\t\t\n\t\t<div class=\"happyforms-part__el\">\n\t\t\t\n\t\t\t\n\t\t\t<div class=\"happyforms-input\">\n\t\t\t\t\n\t\t\t\t<input id=\"happyforms-377_single_line_text_12\" type=\"text\" name=\"377_single_line_text_12\" value=\"\" placeholder=\"\" autocomplete=\"off\" spellcheck=\"false\"  autocorrect=\"off\" \/>\n\t\t\t\t\t\t\t<\/div>\n\n\t\t\t\n\t\t\t\n\t\t\t\t\t<\/div>\n\t<\/div>\n<\/div>\n<div class=\"happyforms-form__part happyforms-part happyforms-part--single_line_text happyforms-part--width-full happyforms-part--label-show\" id=\"happyforms-377_single_line_text_13-part\" data-happyforms-type=\"single_line_text\" data-happyforms-id=\"single_line_text_13\" data-happyforms-required=\"\">\n\t<div class=\"happyforms-part-wrap\">\n\t\t\n\t\t\t\t\t\t<div class=\"happyforms-part__label-container\">\n\t\t\t\t<label for=\"happyforms-377_single_line_text_13\" class=\"happyforms-part__label\">\n\t\t\t<span class=\"label\">Hast du eine Lebensmittelintoleranz?<\/span>\n\t\t\t\t\t\t\t\t\t\t<span class=\"happyforms-required\"><\/span>\n\t\t\t\t\t\t\t\t\t\t<span class=\"happyforms-optional\">(optional)<\/span>\n\t\t\t\t\t<\/label>\n\t\t\t<\/div>\n\t\t\t\n\t\t<span class=\"happyforms-part__description\">Bei einer Lebensmittelintoleranz ist der K\u00f6rper nicht f\u00e4hig, bestimmte Nahrungsmittel zu verarbeiten oder \u00fcberhaupt aufzunehmen und reagiert darauf mit Beschwerden wie akutem Durchfall, Bauchschmerzen, Bl\u00e4hungen oder Erbrechen.<\/span>\n\t\t<div class=\"happyforms-part__el\">\n\t\t\t\n\t\t\t\n\t\t\t<div class=\"happyforms-input\">\n\t\t\t\t\n\t\t\t\t<input id=\"happyforms-377_single_line_text_13\" type=\"text\" name=\"377_single_line_text_13\" value=\"\" placeholder=\"\" autocomplete=\"off\" spellcheck=\"false\"  autocorrect=\"off\" \/>\n\t\t\t\t\t\t\t<\/div>\n\n\t\t\t\n\t\t\t\n\t\t\t\t\t<\/div>\n\t<\/div>\n<\/div>\n<div class=\"happyforms-form__part happyforms-part happyforms-part--single_line_text happyforms-part--width-full happyforms-part--label-show\" id=\"happyforms-377_single_line_text_14-part\" data-happyforms-type=\"single_line_text\" data-happyforms-id=\"single_line_text_14\" data-happyforms-required=\"\">\n\t<div class=\"happyforms-part-wrap\">\n\t\t\n\t\t\t\t\t\t<div class=\"happyforms-part__label-container\">\n\t\t\t\t<label for=\"happyforms-377_single_line_text_14\" class=\"happyforms-part__label\">\n\t\t\t<span class=\"label\">Welche Alkohol willst du trinken?<\/span>\n\t\t\t\t\t\t\t\t\t\t<span class=\"happyforms-required\"><\/span>\n\t\t\t\t\t\t\t\t\t\t<span class=\"happyforms-optional\">(optional)<\/span>\n\t\t\t\t\t<\/label>\n\t\t\t<\/div>\n\t\t\t\n\t\t\n\t\t<div class=\"happyforms-part__el\">\n\t\t\t\n\t\t\t\n\t\t\t<div class=\"happyforms-input\">\n\t\t\t\t\n\t\t\t\t<input id=\"happyforms-377_single_line_text_14\" type=\"text\" name=\"377_single_line_text_14\" value=\"\" placeholder=\"\" autocomplete=\"off\" spellcheck=\"false\"  autocorrect=\"off\" \/>\n\t\t\t\t\t\t\t<\/div>\n\n\t\t\t\n\t\t\t\n\t\t\t\t\t<\/div>\n\t<\/div>\n<\/div>\n<div class=\"happyforms-form__part happyforms-part happyforms-part--single_line_text happyforms-part--width-full happyforms-part--label-show\" id=\"happyforms-377_single_line_text_15-part\" data-happyforms-type=\"single_line_text\" data-happyforms-id=\"single_line_text_15\" data-happyforms-required=\"\">\n\t<div class=\"happyforms-part-wrap\">\n\t\t\n\t\t\t\t\t\t<div class=\"happyforms-part__label-container\">\n\t\t\t\t<label for=\"happyforms-377_single_line_text_15\" class=\"happyforms-part__label\">\n\t\t\t<span class=\"label\">Willst du dir ein Zimmer bei uns reservieren?<\/span>\n\t\t\t\t\t\t\t\t\t\t<span class=\"happyforms-required\"><\/span>\n\t\t\t\t\t\t\t\t\t\t<span class=\"happyforms-optional\">(optional)<\/span>\n\t\t\t\t\t<\/label>\n\t\t\t<\/div>\n\t\t\t\n\t\t<span class=\"happyforms-part__description\">WIr kriegen sehr gute Preise. Informiere dich bei uns.<\/span>\n\t\t<div class=\"happyforms-part__el\">\n\t\t\t\n\t\t\t\n\t\t\t<div class=\"happyforms-input\">\n\t\t\t\t\n\t\t\t\t<input id=\"happyforms-377_single_line_text_15\" type=\"text\" name=\"377_single_line_text_15\" value=\"\" placeholder=\"\" autocomplete=\"off\" spellcheck=\"false\"  autocorrect=\"off\" \/>\n\t\t\t\t\t\t\t<\/div>\n\n\t\t\t\n\t\t\t\n\t\t\t\t\t<\/div>\n\t<\/div>\n<\/div>\n\t\t\t\t\t\t<div class=\"happyforms-form__part happyforms-part happyforms-part--submit\">\n\t\t<button type=\"submit\" class=\"happyforms-submit happyforms-button--submit \">Absenden<\/button>\n\t<\/div>\t\t<\/div>\n\n\t\t\t<\/form>\n\n\t<\/div>\n\n\t\t<\/div>\n\t<\/div>\n\n<div class=\"vc-zigzag-wrapper vc-zigzag-align-center\"><div class=\"vc-zigzag-inner\" style=\"width: 70%;min-height: 14px;background: 0 repeat-x url(&#039;data:image\/svg+xml;utf-8,%3C%3Fxml%20version%3D%221.0%22%20encoding%3D%22utf-8%22%3F%3E%3C%21DOCTYPE%20svg%20PUBLIC%20%22-%2F%2FW3C%2F%2FDTD%20SVG%201.1%2F%2FEN%22%20%22http%3A%2F%2Fwww.w3.org%2FGraphics%2FSVG%2F1.1%2FDTD%2Fsvg11.dtd%22%3E%3Csvg%20width%3D%2214px%22%20height%3D%2212px%22%20viewBox%3D%220%200%2018%2015%22%20version%3D%221.1%22%20xmlns%3D%22http%3A%2F%2Fwww.w3.org%2F2000%2Fsvg%22%20xmlns%3Axlink%3D%22http%3A%2F%2Fwww.w3.org%2F1999%2Fxlink%22%3E%3Cpolygon%20id%3D%22Combined-Shape%22%20fill%3D%22%23c2ad65%22%20points%3D%228.98762301%200%200%209.12771969%200%2014.519983%209%205.40479869%2018%2014.519983%2018%209.12771969%22%3E%3C%2Fpolygon%3E%3C%2Fsvg%3E&#039;);\"><\/div><\/div><\/div><\/div><\/div><\/div><div class=\"w-section vc_row wpb_row vc_row-fluid\"><div class=\"wpb_column vc_column_container vc_col-sm-12\"><div class=\"vc_column-inner \"><div class=\"wpb_wrapper\"><div class=\"wpb_single_image vc_align_center\" >\r\n\t\t\r\n\t\t<figure class=\"wpb_wrapper vc_figure\">\r\n\t\t\t<div class=\"vc_single_image-wrapper   vc_box_border_grey\"><img loading=\"lazy\" decoding=\"async\" width=\"300\" height=\"125\" src=\"https:\/\/hochzeitdesjahres.at\/wp-content\/uploads\/2024\/02\/ende-min-1-300x125.png\" class=\"vc_single_image-img attachment-medium\" alt=\"\" title=\"ende-min\" srcset=\"https:\/\/hochzeitdesjahres.at\/wp-content\/uploads\/2024\/02\/ende-min-1-300x125.png 300w, https:\/\/hochzeitdesjahres.at\/wp-content\/uploads\/2024\/02\/ende-min-1-18x8.png 18w, https:\/\/hochzeitdesjahres.at\/wp-content\/uploads\/2024\/02\/ende-min-1-594x250.png 594w, https:\/\/hochzeitdesjahres.at\/wp-content\/uploads\/2024\/02\/ende-min-1.png 600w\" sizes=\"auto, (max-width: 300px) 100vw, 300px\" \/><\/div>\r\n\t\t<\/figure>\r\n\t<\/div><\/div><\/div><\/div><\/div><div class=\"w-section vc_row wpb_row vc_row-fluid\"><div class=\"wpb_column vc_column_container vc_col-sm-12\"><div class=\"vc_column-inner \"><div class=\"wpb_wrapper\"><\/div><\/div><\/div><\/div>\n<\/div>","protected":false},"excerpt":{"rendered":"Lass dieses Feld leer Vorname (optional) Nachname (optional) E-Mail-Adresse (optional) Deine Handynummer (optional) Ich bin damit einverstanden, dass diese Website die \u00fcbermittelten personenbezogenen Daten speichert und verarbeitet. K\u00f6nnen wir mit dir rechnen? (optional) Was willst du essen? (optional) Dein Hochzeitsw\u00fcnsch (optional) Deine 3 Lieblingslieder (optional) Hast du eine Lebensmittelintoleranz? (optional) Bei einer Lebensmittelintoleranz ist der [...]","protected":false},"author":1,"featured_media":0,"parent":0,"menu_order":0,"comment_status":"closed","ping_status":"closed","template":"","meta":{"footnotes":""},"class_list":["post-31","page","type-page","status-publish","hentry"],"_links":{"self":[{"href":"https:\/\/hochzeitdesjahres.at\/home\/wp-json\/wp\/v2\/pages\/31","targetHints":{"allow":["GET"]}}],"collection":[{"href":"https:\/\/hochzeitdesjahres.at\/home\/wp-json\/wp\/v2\/pages"}],"about":[{"href":"https:\/\/hochzeitdesjahres.at\/home\/wp-json\/wp\/v2\/types\/page"}],"author":[{"embeddable":true,"href":"https:\/\/hochzeitdesjahres.at\/home\/wp-json\/wp\/v2\/users\/1"}],"replies":[{"embeddable":true,"href":"https:\/\/hochzeitdesjahres.at\/home\/wp-json\/wp\/v2\/comments?post=31"}],"version-history":[{"count":13,"href":"https:\/\/hochzeitdesjahres.at\/home\/wp-json\/wp\/v2\/pages\/31\/revisions"}],"predecessor-version":[{"id":626,"href":"https:\/\/hochzeitdesjahres.at\/home\/wp-json\/wp\/v2\/pages\/31\/revisions\/626"}],"wp:attachment":[{"href":"https:\/\/hochzeitdesjahres.at\/home\/wp-json\/wp\/v2\/media?parent=31"}],"curies":[{"name":"wp","href":"https:\/\/api.w.org\/{rel}","templated":true}]}}