{"id":374,"date":"2024-02-04T18:11:13","date_gmt":"2024-02-04T18:11:13","guid":{"rendered":"https:\/\/hochzeit.boriszima.at\/?page_id=374"},"modified":"2024-07-18T07:06:37","modified_gmt":"2024-07-18T07:06:37","slug":"essen-trinken","status":"publish","type":"page","link":"https:\/\/hochzeitdesjahres.at\/home\/essen-trinken\/","title":{"rendered":"ESSEN &#038; TRINKEN"},"content":{"rendered":"<div class=\"wpb-content-wrapper\"><div data-vc-full-width=\"true\" data-vc-full-width-init=\"false\" data-vc-stretch-content=\"true\" class=\"w-section vc_row wpb_row vc_row-fluid vc_custom_1707075326128\"><div class=\"container box-type\"><div class=\"wpb_animate_when_almost_visible wpb_bottom-to-top bottom-to-top wpb_column vc_column_container vc_col-sm-12\"><div class=\"vc_column-inner \"><div class=\"wpb_wrapper\"><div class=\"wpb_single_image vc_align_left\" >\r\n\t\t\r\n\t\t<figure class=\"wpb_wrapper vc_figure\">\r\n\t\t\t<div class=\"vc_single_image-wrapper   vc_box_border_grey\"><img loading=\"lazy\" decoding=\"async\" width=\"1800\" height=\"1200\" src=\"https:\/\/hochzeitdesjahres.at\/wp-content\/uploads\/2024\/05\/essen2-min.png\" class=\"vc_single_image-img attachment-full\" alt=\"\" title=\"essen2-min\" srcset=\"https:\/\/hochzeitdesjahres.at\/wp-content\/uploads\/2024\/05\/essen2-min.png 1800w, https:\/\/hochzeitdesjahres.at\/wp-content\/uploads\/2024\/05\/essen2-min-300x200.png 300w, https:\/\/hochzeitdesjahres.at\/wp-content\/uploads\/2024\/05\/essen2-min-1024x683.png 1024w, https:\/\/hochzeitdesjahres.at\/wp-content\/uploads\/2024\/05\/essen2-min-768x512.png 768w, https:\/\/hochzeitdesjahres.at\/wp-content\/uploads\/2024\/05\/essen2-min-1536x1024.png 1536w, https:\/\/hochzeitdesjahres.at\/wp-content\/uploads\/2024\/05\/essen2-min-18x12.png 18w\" sizes=\"auto, (max-width: 1800px) 100vw, 1800px\" \/><\/div>\r\n\t\t<\/figure>\r\n\t<\/div><\/div><\/div><\/div><\/div><\/div><div class=\"vc_row-full-width vc_clearfix\"><\/div><div class=\"w-section vc_row wpb_row vc_row-fluid\"><div class=\"wpb_column vc_column_container vc_col-sm-12\"><div class=\"vc_column-inner \"><div class=\"wpb_wrapper\">\n<div class=\"vc-zigzag-wrapper vc-zigzag-align-center\"><div class=\"vc-zigzag-inner\" style=\"width: 70%;min-height: 14px;background: 0 repeat-x url(&#039;data:image\/svg+xml;utf-8,%3C%3Fxml%20version%3D%221.0%22%20encoding%3D%22utf-8%22%3F%3E%3C%21DOCTYPE%20svg%20PUBLIC%20%22-%2F%2FW3C%2F%2FDTD%20SVG%201.1%2F%2FEN%22%20%22http%3A%2F%2Fwww.w3.org%2FGraphics%2FSVG%2F1.1%2FDTD%2Fsvg11.dtd%22%3E%3Csvg%20width%3D%2214px%22%20height%3D%2212px%22%20viewBox%3D%220%200%2018%2015%22%20version%3D%221.1%22%20xmlns%3D%22http%3A%2F%2Fwww.w3.org%2F2000%2Fsvg%22%20xmlns%3Axlink%3D%22http%3A%2F%2Fwww.w3.org%2F1999%2Fxlink%22%3E%3Cpolygon%20id%3D%22Combined-Shape%22%20fill%3D%22%23c2ad65%22%20points%3D%228.98762301%200%200%209.12771969%200%2014.519983%209%205.40479869%2018%2014.519983%2018%209.12771969%22%3E%3C%2Fpolygon%3E%3C%2Fsvg%3E&#039;);\"><\/div><\/div><div class=\"vc_empty_space\"   style=\"height: 32px\"><span class=\"vc_empty_space_inner\"><\/span><\/div><div class=\"wpb_text_column wpb_content_element  vc_custom_1721286388357\">\r\n\t\t<div class=\"wpb_wrapper\">\r\n\t\t\t<h2 class=\"ult-timeline-title ult-responsive\" style=\"text-align: center;\" data-ultimate-target=\"#timeline-item-5309 .ult-timeline-title\" data-responsive-json-new=\"{&quot;font-size&quot;:&quot;desktop:40px;&quot;,&quot;line-height&quot;:&quot;&quot;}\"><span style=\"color: #c2ad65;\">Vorspeisen<\/span><\/h2>\n<p style=\"text-align: center;\">Auswahl von Salaten und und Dressings vom Buffet<\/p>\n<p style=\"text-align: center;\">Paradeiser-Mozzarella mit Basilikum<\/p>\n<p style=\"text-align: center;\">Beef Tatar vom Steppenrind mit Moux-Senf Dip, Kapern und roten eingelegten Zwiebel<\/p>\n<p style=\"text-align: center;\">Gebackene Kichererbsen B\u00e4llchen auf Sojabohnen-Paradeiser Salat und Curry-Ingwer Dip<\/p>\n<p style=\"text-align: center;\">Marinierter Schafk\u00e4se vom Hautzinger Seewinkler Anti Pasti, Rucola und N\u00fcssen<\/p>\n<h2 class=\"ult-timeline-title ult-responsive\" style=\"text-align: center;\" data-ultimate-target=\"#timeline-item-7697 .ult-timeline-title\" data-responsive-json-new=\"{&quot;font-size&quot;:&quot;desktop:40px;&quot;,&quot;line-height&quot;:&quot;&quot;}\"><span style=\"color: #c2ad65;\">Suppen<\/span><\/h2>\n<p style=\"text-align: center;\">Kartoffelcremesuppe mit Mayoran und Croutons<\/p>\n<p style=\"text-align: center;\">Seewinkler Hochzeitssuppe mit Fleisch, Nudeln und Gem\u00fcse<\/p>\n<h2 class=\"ult-timeline-title ult-responsive\" style=\"text-align: center;\" data-ultimate-target=\"#timeline-item-3665 .ult-timeline-title\" data-responsive-json-new=\"{&quot;font-size&quot;:&quot;desktop:40px;&quot;,&quot;line-height&quot;:&quot;&quot;}\"><span style=\"color: #c2ad65;\">Hauptgerichte<\/span><\/h2>\n<p style=\"text-align: center;\">Rosa gebratenes Schweinefilet mit Grillgem\u00fcse, Rosmarin Kartoffeln und Pfefferrahmsauce<\/p>\n<p style=\"text-align: center;\">Gebackenes vom Huhn und Schwein mit Kr\u00e4uterreis und Limetten Dip<\/p>\n<p style=\"text-align: center;\">Gegrilltes Zanderfilet auf Quinoa-Zucchiniragout mit Safran, Paradeiser und Senfkohl<\/p>\n<p style=\"text-align: center;\">Eierschwammerl-Risotto mit Estragon Spinat und Pinienkerne<\/p>\n<h2 data-ultimate-target=\"#timeline-item-6401 .ult-timeline-title\" data-responsive-json-new=\"{&quot;font-size&quot;:&quot;desktop:40px;&quot;,&quot;line-height&quot;:&quot;&quot;}\"><\/h2>\n<h2 class=\"ult-timeline-title ult-responsive\" style=\"text-align: center;\" data-ultimate-target=\"#timeline-item-6401 .ult-timeline-title\" data-responsive-json-new=\"{&quot;font-size&quot;:&quot;desktop:40px;&quot;,&quot;line-height&quot;:&quot;&quot;}\"><span style=\"color: #c2ad65;\">Desserts<\/span><\/h2>\n<p style=\"text-align: center;\">Wei\u00dfes und Dunkles Schokoladen Mousse mit Frischen Beeren<\/p>\n<p style=\"text-align: center;\">Kaiserschmarren mit R\u00f6ster<\/p>\n<p style=\"text-align: center;\">Dreierlei Eis vom Buffet mit frischen Fr\u00fcchten<\/p>\n<p style=\"text-align: center;\">Tiramisu<\/p>\n\r\n\t\t<\/div>\r\n\t<\/div>\r\n<\/div><\/div><\/div><\/div><div class=\"w-section vc_row wpb_row vc_row-fluid\"><div class=\"wpb_column vc_column_container vc_col-sm-12\"><div class=\"vc_column-inner \"><div class=\"wpb_wrapper\"><div class=\"vc_row wpb_row vc_inner vc_row-fluid\"><div class=\"wpb_column vc_column_container vc_col-sm-12\"><div class=\"vc_column-inner\"><div class=\"wpb_wrapper\"><div class=\"vc_empty_space\"   style=\"height: 32px\"><span class=\"vc_empty_space_inner\"><\/span><\/div><\/div><\/div><\/div><\/div><\/div><\/div><\/div><\/div><div class=\"w-section vc_row wpb_row vc_row-fluid\"><div class=\"wpb_column vc_column_container vc_col-sm-12\"><div class=\"vc_column-inner \"><div class=\"wpb_wrapper\">\n<div class=\"vc-zigzag-wrapper vc-zigzag-align-center\"><div class=\"vc-zigzag-inner\" style=\"width: 70%;min-height: 14px;background: 0 repeat-x url(&#039;data:image\/svg+xml;utf-8,%3C%3Fxml%20version%3D%221.0%22%20encoding%3D%22utf-8%22%3F%3E%3C%21DOCTYPE%20svg%20PUBLIC%20%22-%2F%2FW3C%2F%2FDTD%20SVG%201.1%2F%2FEN%22%20%22http%3A%2F%2Fwww.w3.org%2FGraphics%2FSVG%2F1.1%2FDTD%2Fsvg11.dtd%22%3E%3Csvg%20width%3D%2214px%22%20height%3D%2212px%22%20viewBox%3D%220%200%2018%2015%22%20version%3D%221.1%22%20xmlns%3D%22http%3A%2F%2Fwww.w3.org%2F2000%2Fsvg%22%20xmlns%3Axlink%3D%22http%3A%2F%2Fwww.w3.org%2F1999%2Fxlink%22%3E%3Cpolygon%20id%3D%22Combined-Shape%22%20fill%3D%22%23c2ad65%22%20points%3D%228.98762301%200%200%209.12771969%200%2014.519983%209%205.40479869%2018%2014.519983%2018%209.12771969%22%3E%3C%2Fpolygon%3E%3C%2Fsvg%3E&#039;);\"><\/div><\/div><div class=\"wpb_single_image vc_align_center\" >\r\n\t\t\r\n\t\t<figure class=\"wpb_wrapper vc_figure\">\r\n\t\t\t<div class=\"vc_single_image-wrapper   vc_box_border_grey\"><img loading=\"lazy\" decoding=\"async\" width=\"300\" height=\"125\" src=\"https:\/\/hochzeitdesjahres.at\/wp-content\/uploads\/2024\/02\/ende-min-1-300x125.png\" class=\"vc_single_image-img attachment-medium\" alt=\"\" title=\"ende-min\" srcset=\"https:\/\/hochzeitdesjahres.at\/wp-content\/uploads\/2024\/02\/ende-min-1-300x125.png 300w, https:\/\/hochzeitdesjahres.at\/wp-content\/uploads\/2024\/02\/ende-min-1-18x8.png 18w, https:\/\/hochzeitdesjahres.at\/wp-content\/uploads\/2024\/02\/ende-min-1-594x250.png 594w, https:\/\/hochzeitdesjahres.at\/wp-content\/uploads\/2024\/02\/ende-min-1.png 600w\" sizes=\"auto, (max-width: 300px) 100vw, 300px\" \/><\/div>\r\n\t\t<\/figure>\r\n\t<\/div><\/div><\/div><\/div><\/div>\n<\/div>","protected":false},"excerpt":{"rendered":"Vorspeisen Auswahl von Salaten und und Dressings vom Buffet Paradeiser-Mozzarella mit Basilikum Beef Tatar vom Steppenrind mit Moux-Senf Dip, Kapern und roten eingelegten Zwiebel Gebackene Kichererbsen B\u00e4llchen auf Sojabohnen-Paradeiser Salat und Curry-Ingwer Dip Marinierter Schafk\u00e4se vom Hautzinger Seewinkler Anti Pasti, Rucola und N\u00fcssen Suppen Kartoffelcremesuppe mit Mayoran und Croutons Seewinkler Hochzeitssuppe mit Fleisch, Nudeln und [...]","protected":false},"author":1,"featured_media":0,"parent":0,"menu_order":0,"comment_status":"closed","ping_status":"closed","template":"","meta":{"footnotes":""},"class_list":["post-374","page","type-page","status-publish","hentry"],"_links":{"self":[{"href":"https:\/\/hochzeitdesjahres.at\/home\/wp-json\/wp\/v2\/pages\/374","targetHints":{"allow":["GET"]}}],"collection":[{"href":"https:\/\/hochzeitdesjahres.at\/home\/wp-json\/wp\/v2\/pages"}],"about":[{"href":"https:\/\/hochzeitdesjahres.at\/home\/wp-json\/wp\/v2\/types\/page"}],"author":[{"embeddable":true,"href":"https:\/\/hochzeitdesjahres.at\/home\/wp-json\/wp\/v2\/users\/1"}],"replies":[{"embeddable":true,"href":"https:\/\/hochzeitdesjahres.at\/home\/wp-json\/wp\/v2\/comments?post=374"}],"version-history":[{"count":50,"href":"https:\/\/hochzeitdesjahres.at\/home\/wp-json\/wp\/v2\/pages\/374\/revisions"}],"predecessor-version":[{"id":915,"href":"https:\/\/hochzeitdesjahres.at\/home\/wp-json\/wp\/v2\/pages\/374\/revisions\/915"}],"wp:attachment":[{"href":"https:\/\/hochzeitdesjahres.at\/home\/wp-json\/wp\/v2\/media?parent=374"}],"curies":[{"name":"wp","href":"https:\/\/api.w.org\/{rel}","templated":true}]}}